{"id":131,"date":"2022-07-31T16:52:53","date_gmt":"2022-07-31T14:52:53","guid":{"rendered":"https:\/\/uwehenn.com\/impressum\/"},"modified":"2022-10-24T21:12:45","modified_gmt":"2022-10-24T19:12:45","slug":"impressum","status":"publish","type":"page","link":"https:\/\/uwehenn.com\/en\/impressum\/","title":{"rendered":"Impressum"},"content":{"rendered":"<p>Angaben gem\u00e4\u00df \u00a7\u00a75, 6 Telemediengesetz (TMG) und anderen Paragrafen<\/p>\n\n\n\n<p><strong>Inhaber und alleinverantwortliche Person (Anbieter):<\/strong><br>Uwe Henn<br>Am Eiskeller 75<br>55126 Mainz<\/p>\n\n\n\n<p><strong>Kontakt:<\/strong><br>Telefon: 06131\/471427<br>E-Mail: studio@uwehenn.de<br>Website: www.uwehenn.com<\/p>\n\n\n\n<p><strong>Bei redaktionellen Inhalten:<\/strong><br>Verantwortlich nach \u00a7 55 Abs.2 RStV<br>Uwe Henn<br>Am Eiskeller 75<br>55126 Mainz<\/p>\n\n\n\n<p><strong>Gerichtsstand:<\/strong><br>Mainz, Deutschland<\/p>\n\n\n\n<h4 class=\"wp-block-heading\">Foto- und Textrechte<\/h4>\n\n\n\n<p>Alle Fotorechte liegen bei dem Inhaber der Website Uwe Henn sowie bei dem von ihm beauftragten Fotografen. Abbildungen erfolgen mit Genehmigung der zuvor genannten Personen. Rechte an den Texten liegen bei den jeweiligen Autoren \u2013 die Verwendung auf dieser Seite erfolgt mit Genehmigung der jeweiligen Autoren.<\/p>\n\n\n\n<h4 class=\"wp-block-heading\">Urheberrecht<\/h4>\n\n\n\n<p>Die durch den o. g. Seitenbetreiber (Anbieter) erstellten Inhalte und Werke auf diesen Seiten unterliegen dem deutschen Urheberrecht. Die Vervielf\u00e4ltigung, Bearbeitung, Verbreitung und jede Art der Verwertung au\u00dferhalb der Grenzen des Urheberrechtes bed\u00fcrfen der schriftlichen Zustimmung des Seitenbetreibers. Downloads und Kopien dieser Seite sind nur f\u00fcr den privaten, nicht kommerziellen Gebrauch gestattet.<br>Soweit die Inhalte auf dieser Seite nicht vom Betreiber erstellt wurden, werden die Urheberrechte Dritter beachtet. Insbesondere werden Inhalte Dritter als solche gekennzeichnet. Sollten Sie trotzdem auf eine Urheberrechtsverletzung aufmerksam werden, bitte ich um einen entsprechenden Hinweis. Bei Bekanntwerden von Rechtsverletzungen werde ich derartige Inhalte umgehend entfernen.<\/p>\n\n\n\n<p><\/p>\n\n\n\n<p><\/p>","protected":false},"excerpt":{"rendered":"<p>Angaben gem\u00e4\u00df \u00a7\u00a75, 6 Telemediengesetz (TMG) und anderen Paragrafen Inhaber und alleinverantwortliche Person (Anbieter):Uwe HennAm Eiskeller 7555126 Mainz Kontakt:Telefon: 06131\/471427E-Mail: studio@uwehenn.deWebsite: www.uwehenn.com Bei redaktionellen Inhalten:Verantwortlich nach \u00a7 55 Abs.2 RStVUwe HennAm Eiskeller 7555126 Mainz Gerichtsstand:Mainz, Deutschland Foto- und Textrechte Alle Fotorechte liegen bei dem Inhaber der Website Uwe Henn sowie bei dem von ihm beauftragten&hellip;&nbsp;<a href=\"https:\/\/uwehenn.com\/en\/impressum\/\" rel=\"bookmark\">Read More &raquo;<span class=\"screen-reader-text\">Impressum<\/span><\/a><\/p>","protected":false},"author":1,"featured_media":0,"parent":0,"menu_order":0,"comment_status":"closed","ping_status":"closed","template":"","meta":{"neve_meta_sidebar":"","neve_meta_container":"","neve_meta_enable_content_width":"","neve_meta_content_width":0,"neve_meta_title_alignment":"left","neve_meta_author_avatar":"","neve_post_elements_order":"","neve_meta_disable_header":"","neve_meta_disable_footer":"","neve_meta_disable_title":"","footnotes":""},"class_list":["post-131","page","type-page","status-publish","hentry"],"jetpack_sharing_enabled":true,"_links":{"self":[{"href":"https:\/\/uwehenn.com\/en\/wp-json\/wp\/v2\/pages\/131","targetHints":{"allow":["GET"]}}],"collection":[{"href":"https:\/\/uwehenn.com\/en\/wp-json\/wp\/v2\/pages"}],"about":[{"href":"https:\/\/uwehenn.com\/en\/wp-json\/wp\/v2\/types\/page"}],"author":[{"embeddable":true,"href":"https:\/\/uwehenn.com\/en\/wp-json\/wp\/v2\/users\/1"}],"replies":[{"embeddable":true,"href":"https:\/\/uwehenn.com\/en\/wp-json\/wp\/v2\/comments?post=131"}],"version-history":[{"count":6,"href":"https:\/\/uwehenn.com\/en\/wp-json\/wp\/v2\/pages\/131\/revisions"}],"predecessor-version":[{"id":221,"href":"https:\/\/uwehenn.com\/en\/wp-json\/wp\/v2\/pages\/131\/revisions\/221"}],"wp:attachment":[{"href":"https:\/\/uwehenn.com\/en\/wp-json\/wp\/v2\/media?parent=131"}],"curies":[{"name":"wp","href":"https:\/\/api.w.org\/{rel}","templated":true}]}}