{"id":130,"date":"2022-07-31T16:52:53","date_gmt":"2022-07-31T14:52:53","guid":{"rendered":"https:\/\/uwehenn.com\/datenschutzerklaerung\/"},"modified":"2022-10-24T21:04:09","modified_gmt":"2022-10-24T19:04:09","slug":"datenschutzerklaerung","status":"publish","type":"page","link":"https:\/\/uwehenn.com\/en\/datenschutzerklaerung\/","title":{"rendered":"Datenschutzerkl\u00e4rung"},"content":{"rendered":"\n<p><\/p>\n\n\n\n<ol class=\"wp-block-list\" type=\"1\"><li><strong>Grundlegendes<\/strong><\/li><\/ol>\n\n\n\n<p>Der Schutz Ihrer Privatsph\u00e4re ist uns ein wichtiges Anliegen. Deshalb m\u00f6chten wir Sie bitten, die nachfolgende Zusammenfassung \u00fcber die Datenerhebung durch unseren Webdienst <em>www.uwehenn.com<\/em> aufmerksam zu lesen.<\/p>\n\n\n\n<p>Die hier aufgef\u00fchrte Datenschutzerkl\u00e4rung soll \u00fcber die Art, den Umfang und den Zweck der Erhebung personenbezogener Daten durch den Websitebetreiber <em>(Ihr Name)<\/em> aufkl\u00e4ren. Die Datenerhebung und -weitergabe entspricht den Anforderungen der DSGVO und des BDSG. \u00c4nderungen und entsprechende Aktualisierungen der Datenschutzerkl\u00e4rung sind nicht auszuschlie\u00dfen, weshalb wir Ihnen empfehlen, diese Datenschutzerkl\u00e4rung regelm\u00e4\u00dfig zur Kenntnis zu nehmen.<\/p>\n\n\n\n<p>Wir versichern, dass diese Daten ausschlie\u00dflich dem Funktionieren, der statistischen Auswertung und der Verbesserung unseres Angebotes dienen. Laut geltenden Vorschriften werden diese Daten nur f\u00fcr die Zeit gespeichert, wie es f\u00fcr die beschriebenen Zwecke notwendig ist. Ausnahmen gelten, wenn eine l\u00e4ngere Speicherung durch die DSGVO vorgesehen ist. Die gesetzlich geltenden L\u00f6schvorschriften werden eingehalten.<\/p>\n\n\n\n<p>Wir nehmen den Schutz Ihrer Daten ernst und behandeln diese vertraulich. Sollten Sie dennoch Anliegen oder Fragen bzgl. der Erhebung Ihrer Daten haben, finden Sie am Ende des Textes die entsprechenden Kontaktdaten zust\u00e4ndiger Ansprechpartner.<\/p>\n\n\n\n<ul class=\"wp-block-list\"><li><strong>Personenbezogene Daten<\/strong><\/li><\/ul>\n\n\n\n<p><strong>Hier gilt es, zwischen personenbezogenen Daten nach Art.4 DSGVO und besonderen personenbezogenen Daten nach Art. 9 DSGVO zu unterscheiden. Zudem m\u00fcssen Sie genau beantworten, welche personenbezogene Daten Sie wie und warum verarbeiten.<\/strong><\/p>\n\n\n\n<p>Diese Website erhebt und nutzt personenbezogene Daten. Die hier vorgenommene Datenerhebung entspricht einem berechtigten Interesse laut Art.6&nbsp; Abs. 1 Buchstabe f der DSGVO. Zudem sind wir f\u00fcr die Bereitstellung unseres Services zu Teilen auf Informationen unserer Nutzer angewiesen.<\/p>\n\n\n\n<p>Daten werden nur in dem Umfang erhoben, verwertet und an Dritte weitergeleitet, wie dies im gesetzlichen Rahmen erlaubt ist und\/oder wenn Nutzer dem zugestimmt haben. Wir als Betreiber d\u00fcrfen personenbezogene Daten nur dann l\u00e4nger speichern, herausgeben oder nachtr\u00e4glich auf diese zugreifen, soweit dies im rechtlich gestattet ist (z.B. bei Verdacht auf rechtswidrige Aktivit\u00e4ten).<\/p>\n\n\n\n<p>Durch das Besuchen und Benutzen unserer Seite k\u00f6nnen verschiedene personenbezogene Daten nach Art.4 DSGVO erhoben werden, welche Sie im Folgenden aufgelistet finden.<\/p>\n\n\n\n<p><strong>Zugriffsdaten<\/strong><\/p>\n\n\n\n<p>Im Zuge eines automatischen Protokolls des verarbeitenden Computersystems wird eine Logdatei erstellt. Das bedeutet, dass Informationen Ihres verwendeten Endger\u00e4tes als Logfiles auf einem Server festgehalten werden. Durch den Zugriff auf unsere Seite erheben wir solche Daten, welche als Server-Logfiles abgelegt werden. Dies erfolgt aus Sicherheitsgr\u00fcnden. Server-Logfiles werden f\u00fcr eine Zeit von h\u00f6chstens sieben Tagen gespeichert und anschlie\u00dfend gel\u00f6scht. Die so erhobenen, personenbezogenen Daten umfassen:<\/p>\n\n\n\n<ul class=\"wp-block-list\"><li>Zugriff auf die Seite: Datum, Uhrzeit, H\u00e4ufigkeit<\/li><li>wie Sie auf die Seite gelangt sind (vorherige Seite, Hyperlink etc.)<\/li><li>Menge der gesendeten Daten<\/li><li>welchen Browser und welche Version desselben Sie verwenden<\/li><li>Ihre IP-Adresse<\/li><li>&nbsp;[\u2026]<\/li><\/ul>\n\n\n\n<p>Sie k\u00f6nnen unser Angebot auch nutzen, ohne Informationen Ihrer Person preiszugeben. Im Regelfall werden wir dennoch Ihre anonymisierten Zugriffsdaten speichern, ohne R\u00fcckschluss auf die nat\u00fcrliche Person.<\/p>\n\n\n\n<p><strong>Kontaktdaten \u00fcber Formulare und Kommentarfunktion<\/strong><\/p>\n\n\n\n<p>Wenn Sie mit uns Kontakt aufnehmen (\u00fcber das Kontaktformular, die Kommentarfunktion, E-Mail etc.) dann werden im Regelfall Ihr Name, Ihre E-Mail-Adresse und Ihre IP-Adresse erhoben. Auch hierf\u00fcr besteht ein berechtigtes Interesse unsererseits, wenn z. B.&nbsp; Ihr Kommentar gegen geltendes Recht verst\u00f6\u00dft. Zudem behalten wir es uns grunds\u00e4tzlich vor, \u00c4u\u00dferungen mit menschenverachtenden, diffamierenden, homophoben und \u00e4hnlichen hetzerischen Inhalten zu l\u00f6schen und, wenn notwendig, zur Anzeige zu bringen.<\/p>\n\n\n\n<p><strong>Daten, die durch unseren Verkaufsservice erhoben werden<\/strong><\/p>\n\n\n\n<p>Wenn Sie den Verkaufsservice unserer Seite benutzen, dann sind die so erhobenen Informationen nicht f\u00fcr andere Nutzer einsehbar. Zu diesen Daten z\u00e4hlen:<\/p>\n\n\n\n<ul class=\"wp-block-list\"><li>Vor- und Zuname<\/li><li>Anschrift<\/li><li>Geburtsdatum<\/li><li>E-Mail-Adresse<\/li><li>Kreditinstitute<\/li><li>Ihre aufgegebene Bestellung<\/li><li>fr\u00fchere Bestellungen<\/li><li>&nbsp;[\u2026]<\/li><\/ul>\n\n\n\n<ul class=\"wp-block-list\"><li><strong>Besonders personenbezogene Daten<\/strong><\/li><\/ul>\n\n\n\n<p>Es werden keine besonderen personenbezogenen Daten nach Art. 9 DSGVO erhoben.<\/p>\n\n\n\n<p><strong>Datenweitergabe an Dritte<\/strong><\/p>\n\n\n\n<p><strong>Geben Sie Daten an dritte Stellen weiter, dann sind diese ausnahmslos namentlich und mit Anschrift des Sitzes zu benennen.<\/strong><\/p>\n\n\n\n<p>Grunds\u00e4tzlich werden Ihre Daten von uns nicht an Dritte vermittelt. Au\u00dferdem stellen wir durch entsprechende Ma\u00dfnahmen und regelm\u00e4\u00dfige Kontrollen sicher, dass die von uns erhobenen Daten nicht durch Dritte von au\u00dfen eingesehen oder abgegriffen werden k\u00f6nnen.<\/p>\n\n\n\n<p><em>Oder, insofern eine Weitergabe an Dritte erfolgt:<\/em><\/p>\n\n\n\n<p>Wir \u00fcbermitteln Ihre Daten an folgende, dritte Personen:<\/p>\n\n\n\n<ul class=\"wp-block-list\"><li>Unsere Au\u00dfenstelle \u201eMustername\u201c<\/li><li>Den Dienstleister \u201eMustername\u201c<\/li><li>[\u2026]<\/li><\/ul>\n\n\n\n<p>Diese Stellen verwenden Ihre Daten aus folgenden Gr\u00fcnden:<\/p>\n\n\n\n<ul class=\"wp-block-list\"><li>Verbesserung des Dienstes im In- und Ausland<\/li><li>L\u00e4nder\u00fcbergreifender Vergleich und Analyse<\/li><li>[\u2026]<\/li><\/ul>\n\n\n\n<p>Wir versichern, dass die Weitergabe dieser Daten den gesetzlichen Vorgaben entsprechen und dass Daten nur an diese dritten Stellen \u00fcbersendet werden. Wenn Sie Anliegen bzgl. dessen haben, k\u00f6nnen Sie sich an folgende Ansprechpersonen <em>wenden (Im Nachfolgenden sollten Sie die Ansprechpartner der dritten Stellen auff\u00fchren)<\/em><\/p>\n\n\n\n<ul class=\"wp-block-list\"><li><strong>Cookies<\/strong><\/li><\/ul>\n\n\n\n<p>Diese Website setzt Cookies ein. Dies sind kleine Textdateien, welche in Ihrem Browser platziert werden. Auf die Art werden Ihr Browser und Ihr Ger\u00e4t bei einer n\u00e4chsten Anmeldung wiedererkannt. Dadurch k\u00f6nnen bei Ihrem n\u00e4chsten Besuch bereits get\u00e4tigte Einstellungen und andere \u00c4nderungen, welche Sie vorgenommen haben, rekonstruiert werden. Wir verwenden Cookies, um<\/p>\n\n\n\n<ul class=\"wp-block-list\"><li>unseren Dienst zu personalisieren und somit benutzerfreundlicher zu gestalten<\/li><li>Betrugsversuche zu verhindern und Sicherheit zu gew\u00e4hrleisten<\/li><li>interessenbasierte Werbung zu schalten<\/li><li>pseudonymisierte Reichweitenmessung durchzuf\u00fchren<\/li><\/ul>\n\n\n\n<p>Sie haben jederzeit die M\u00f6glichkeit, das Setzen von Cookies zu blockieren und bereits gesetzte Cookies in Ihrem verwendeten Browser zu l\u00f6schen. In solch einem Fall m\u00fcssen wir Sie darauf hinweisen, dass bestimmte Features auf der Seite eventuell nicht mehr oder nur noch eingeschr\u00e4nkt funktionieren.<\/p>\n\n\n\n<p>W\u00fcnschen Sie nicht, dass Cookies zur Reichweitenmessung eines bestimmten Anbieters eingesetzt werden, dann k\u00f6nnen Sie \u00fcber folgende Seiten entsprechende Einstellungen t\u00e4tigen:<\/p>\n\n\n\n<ul class=\"wp-block-list\"><li>Cookie-Deaktivierungsseite der Netzwerkwerbeinitiative: http:\/\/optout.networkadvertising.org\/?c=1#!\/<\/li><li>Cookie-Deaktivierungsseite der US-amerikanischen Website: http:\/\/optout.aboutads.info\/?c=2#!\/<\/li><li>Cookie-Deaktivierungsseite der europ\u00e4ischen Website:&nbsp; http:\/\/optout.networkadvertising.org\/?c=1#!\/<\/li><li><\/li><li><strong>Newsletter und Abonnement<\/strong><\/li><\/ul>\n\n\n\n<p><strong>Hier sollten Sie im Spezifischen darauf eingehen, was der Inhalt Ihres Newsletters ist und ob Sie durch Ihren Newsletter auch Werbung versenden. Zudem sind auch hier die Adressdaten des Versanddienstleisters anzugeben. Wenn dieser Daten abspeichert, ist dies ebenfalls aufzuf\u00fchren.<\/strong><\/p>\n\n\n\n<p>Wir versenden auf Anmeldung Newsletter an die hinterlegten E-Mail-Adressen unserer Nutzer, in welchem wir \u00fcber Neuerungen, Gewinnspiele und aktuelles Geschehen informieren. Unser Newsletterversand erfolgt \u00fcber den Versandienstleister <em>Musteranbieter<\/em>.<\/p>\n\n\n\n<p>Daf\u00fcr speichern wir entsprechende E-Mail-Adressen ab. Wenn Sie dies nicht mehr w\u00fcnschen, k\u00f6nnen Sie sich jederzeit unter der Adresse <em>(Hier entsprechenden Link einf\u00fcgen)<\/em> von der Zusendung des Newsletters abmelden. Ihre E-Mail-Adresse wird dann unverz\u00fcglich aus dem Verteiler gel\u00f6scht.<\/p>\n\n\n\n<ul class=\"wp-block-list\"><li><strong>Webanalysediente<\/strong><\/li><\/ul>\n\n\n\n<p><strong>Auch hier gilt: Anbieter sind mit der entsprechenden Adresse anzugeben!<\/strong><\/p>\n\n\n\n<p>Diese Seite verwendet Google Analytics. Dabei handelt es sich um einen Webanalysedienst der Google Inc. (1600 Amphitheatre Parkway Mountain View, CA 94043, USA) bzw. Google Ireland Limited (Google Ireland Limited, Gordon House, Barrow Street, Dublin 4, Ireland), durch welchen wir unser Angebot verbessern. Laut geltendem Recht sind wir dazu verpflichtet, Sie genau \u00fcber die Datenerhebung durch Google Analytics aufzukl\u00e4ren.<\/p>\n\n\n\n<p>Dieser Dienst erm\u00f6glicht es uns, durch Erstellen von Reports die Nutzung unserer Webseite nachzuvollziehen und somit unser Angebot auf die Nachfragen der Benutzer anzupassen.<\/p>\n\n\n\n<p>Auf dieser Website wurde eine IP-Anonymisierung f\u00fcr den Dienst eingerichtet.&nbsp; Das bedeutet, dass IP-Adressen in den Vertragsstaaten gek\u00fcrzt werden. Nur in Ausnahmef\u00e4llen werden IP-Adressen zun\u00e4chst in die USA an einen entsprechenden Server \u00fcbertragen und dort gek\u00fcrzt.<\/p>\n\n\n\n<p>Google Analytics setzt eigene Cookies und ermittelt so Daten unserer Kunden. M\u00f6chten Sie die betreffenden Cookies deaktivieren, finden Sie unter folgendem Link ein entsprechendes Browser-Plugin: https:\/\/tools.google.com\/dlpage\/gaoptout?hl=de <em>(oder entsprechenden Hyperlink setzen).<\/em><\/p>\n\n\n\n<p>Wenn Sie gar keine Erfassung Ihrer Daten durch Google Analytics w\u00fcnschen, k\u00f6nnen Sie \u00fcber den folgenden Link einen Opt-Out-Cookie setzen, welcher eine zuk\u00fcnftige Erfassung von Informationen verhindert: <em>(Opt-Out Link setzen)<\/em><\/p>\n\n\n\n<p>Daten, welche von Google Analytics generiert werden, umfassen:<\/p>\n\n\n\n<ul class=\"wp-block-list\"><li>Art des Browsers plus dessen Version<\/li><li>das Betriebssystem, welches Sie verwenden<\/li><li>wie lange Sie auf unserer Seite bleiben<\/li><li>die zuvor besuchte Webseite<\/li><li>&nbsp;[\u2026]<\/li><\/ul>\n\n\n\n<p>Die so erhobenen Daten werden nicht mit anderen, durch Google-Dienste erhobene Daten zusammengef\u00fchrt. N\u00e4here Informationen zu der Arbeitsweise des Programmes selbst finden Sie hier: <em>(An dieser Stelle k\u00f6nnen Sie auf die entsprechenden externen Webseiten der Programme verlinken)<\/em><\/p>\n\n\n\n<ul class=\"wp-block-list\"><li><strong>Social-Media-Plugins<\/strong><\/li><\/ul>\n\n\n\n<p>Auf unserer Webseite bieten wir die M\u00f6glichkeit, \u00fcber externe Links Inhalte in sozialen Netzwerken oder per Mail zu teilen. Dies realisieren wir \u00fcber Social Bookmarks. Das sind Schaltfl\u00e4chen, welche an dem Logo des jeweiligen Sozialen Netzwerkes zu erkennen sind. Das Plugin stellt eine Verbindung zwischen Ihrem Browser und den Servern des jeweiligen Anbieters her. Benutzen Sie diese Social Bookmarks, werden Sie im Regelfall auf die Seiten der Anbieter weitergeleitet und entsprechende Nutzerinformationen weitergegeben.<\/p>\n\n\n\n<p>Wenn Sie w\u00e4hrend der Benutzung unserer Seite auf einem dieser sozialen Netzwerke mit Ihrem Konto angemeldet sind und unsere Inhalte teilen m\u00f6chten, dann werden diese Informationen mit Ihrem jeweiligen Konto verkn\u00fcpft. Weiterhin besteht die M\u00f6glichkeit, dass Ihre IP-Adresse ausgelesen wird. Wir als Betreiber haben keinen Einfluss auf die Daten, welche durch Plug-Ins an entsprechende Server vermittelt werden.<\/p>\n\n\n\n<p>Weitere Informationen zum Umgang mit Ihren Daten entnehmen Sie bitte der Datenschutzerkl\u00e4rung des jeweiligen Anbieters:<\/p>\n\n\n\n<p>Facebook: https:\/\/de-de.facebook.com\/policy.php<\/p>\n\n\n\n<p>Twitter: https:\/\/twitter.com\/privacy?lang=de<\/p>\n\n\n\n<p>Google: https:\/\/www.google.com\/intl\/de\/policies\/privacy\/<\/p>\n\n\n\n<p>Hier finden Sie Informationen speziell zu den Schaltfl\u00e4chen:<\/p>\n\n\n\n<p>Facebook: https:\/\/developers.facebook.com\/docs\/plugins\/<\/p>\n\n\n\n<p>Twitter: https:\/\/twitter.com\/privacy?lang=de<\/p>\n\n\n\n<p><strong>Ihre Rechte<\/strong><\/p>\n\n\n\n<p>Selbstverst\u00e4ndlich haben Sie in Bezug auf die Erhebung Ihrer Daten Rechte. Laut geltendem Gesetz sind wir dazu verpflichtet, Sie \u00fcber dieselben aufzukl\u00e4ren. Die Inanspruchnahme und Durchf\u00fchrung dieser Rechte sind f\u00fcr Sie kostenlos.<\/p>\n\n\n\n<p><strong>Widerrufsrecht (Art. 21 DSGVO)<\/strong><\/p>\n\n\n\n<p>Sie haben das Recht, Ihre Einwilligung bzgl. der Erhebung von Daten jederzeit zu widerrufen.<\/p>\n\n\n\n<p>Folgen Sie diesem Link, wenn Sie von Ihrem Widerrufsrecht Gebrauch machen m\u00f6chten: www.musterseite.de\/widerruf<\/p>\n\n\n\n<p><strong>Recht auf Daten\u00fcbertragbarkeit<\/strong><\/p>\n\n\n\n<p>Sie haben das Recht, eine \u00dcbertragung Ihrer Daten von uns auf eine andere Stelle zu beantragen.<\/p>\n\n\n\n<p><strong>Auskunftsrecht (Art. 15 DSGVO)<\/strong><\/p>\n\n\n\n<p>Sie haben das Recht, von uns eine Best\u00e4tigung zu verlangen, ob und wie wir personenbezogene Daten von Ihnen beziehen. Dieses Recht ist durch die vorliegende Datenschutzerkl\u00e4rung realisiert. Zus\u00e4tzlich k\u00f6nnen Sie eine elektronische Auskunft anfordern.<\/p>\n\n\n\n<p><strong>Recht auf Berechtigung, L\u00f6schung oder Sperrung (Art. 16, 17, 18 DSGVO)<\/strong><\/p>\n\n\n\n<p>Sie haben das Recht, Ihre Daten berichtigen, l\u00f6schen oder sperren zu lassen. Letzteres kommt zur Anwendung, wenn die gesetzliche Lage eine L\u00f6schung nicht zul\u00e4sst.<\/p>\n\n\n\n<p><strong>Beschwerderecht (Art. 77 DSGVO)<\/strong><\/p>\n\n\n\n<p>Sie haben das Recht, sich bei einer Aufsichtsbeh\u00f6rde bzw. einer zust\u00e4ndigen Stelle zu beschweren, insofern Sie einen Grund zur Beanstandung haben sollten. F\u00fcr die Inanspruchnahme dieses Rechts und der zwei vorher genannten wenden Sie sich bitte an die am Ende dieser Datenschutzerkl\u00e4rung aufgef\u00fchrten Kontaktpersonen.<\/p>\n\n\n\n<ul class=\"wp-block-list\"><li><strong>Verantwortlich f\u00fcr die Datenerhebung<\/strong><\/li><\/ul>\n\n\n\n<p>F\u00fcr Fragen, Auskunftsersuche, Antr\u00e4ge, Beschwerden oder Kritik hinsichtlich unseres Datenschutzes k\u00f6nnen Sie sich an folgende Stelle wenden:<\/p>\n\n\n\n<p>Uwe Henn<\/p>\n\n\n\n<p>Am Eiskeller 75<\/p>\n\n\n\n<p>55126 Mainz<\/p>\n\n\n\n<p>studio@uwehenn.de<\/p>\n","protected":false},"excerpt":{"rendered":"<p>Grundlegendes Der Schutz Ihrer Privatsph\u00e4re ist uns ein wichtiges Anliegen. Deshalb m\u00f6chten wir Sie bitten, die nachfolgende Zusammenfassung \u00fcber die Datenerhebung durch unseren Webdienst www.uwehenn.com aufmerksam zu lesen. Die hier aufgef\u00fchrte Datenschutzerkl\u00e4rung soll \u00fcber die Art, den Umfang und den Zweck der Erhebung personenbezogener Daten durch den Websitebetreiber (Ihr Name) aufkl\u00e4ren. Die Datenerhebung und -weitergabe&hellip;&nbsp;<a href=\"https:\/\/uwehenn.com\/en\/datenschutzerklaerung\/\" rel=\"bookmark\">Read More &raquo;<span class=\"screen-reader-text\">Datenschutzerkl\u00e4rung<\/span><\/a><\/p>","protected":false},"author":1,"featured_media":0,"parent":0,"menu_order":0,"comment_status":"closed","ping_status":"closed","template":"","meta":{"neve_meta_sidebar":"","neve_meta_container":"","neve_meta_enable_content_width":"","neve_meta_content_width":0,"neve_meta_title_alignment":"","neve_meta_author_avatar":"","neve_post_elements_order":"","neve_meta_disable_header":"","neve_meta_disable_footer":"","neve_meta_disable_title":"","footnotes":""},"class_list":["post-130","page","type-page","status-publish","hentry"],"jetpack_sharing_enabled":true,"_links":{"self":[{"href":"https:\/\/uwehenn.com\/en\/wp-json\/wp\/v2\/pages\/130","targetHints":{"allow":["GET"]}}],"collection":[{"href":"https:\/\/uwehenn.com\/en\/wp-json\/wp\/v2\/pages"}],"about":[{"href":"https:\/\/uwehenn.com\/en\/wp-json\/wp\/v2\/types\/page"}],"author":[{"embeddable":true,"href":"https:\/\/uwehenn.com\/en\/wp-json\/wp\/v2\/users\/1"}],"replies":[{"embeddable":true,"href":"https:\/\/uwehenn.com\/en\/wp-json\/wp\/v2\/comments?post=130"}],"version-history":[{"count":2,"href":"https:\/\/uwehenn.com\/en\/wp-json\/wp\/v2\/pages\/130\/revisions"}],"predecessor-version":[{"id":219,"href":"https:\/\/uwehenn.com\/en\/wp-json\/wp\/v2\/pages\/130\/revisions\/219"}],"wp:attachment":[{"href":"https:\/\/uwehenn.com\/en\/wp-json\/wp\/v2\/media?parent=130"}],"curies":[{"name":"wp","href":"https:\/\/api.w.org\/{rel}","templated":true}]}}